{"id":25584,"date":"2020-10-17T19:25:50","date_gmt":"2020-10-17T17:25:50","guid":{"rendered":"http:\/\/barbetspatronum.ca\/?page_id=25584"},"modified":"2022-03-28T15:22:15","modified_gmt":"2022-03-28T19:22:15","slug":"mystique","status":"publish","type":"page","link":"https:\/\/barbetspatronum.ca\/index.php\/nos-chiens\/mystique\/","title":{"rendered":"Mystique"},"content":{"rendered":"\t\t<div data-elementor-type=\"wp-page\" data-elementor-id=\"25584\" class=\"elementor elementor-25584\">\n\t\t\t\t\t\t<section class=\"elementor-section elementor-top-section elementor-element elementor-element-6affff32 elementor-section-boxed elementor-section-height-default elementor-section-height-default\" data-id=\"6affff32\" data-element_type=\"section\" data-e-type=\"section\">\n\t\t\t\t\t\t<div class=\"elementor-container elementor-column-gap-default\">\n\t\t\t\t\t<div class=\"elementor-column elementor-col-100 elementor-top-column elementor-element elementor-element-46b4f15b\" data-id=\"46b4f15b\" data-element_type=\"column\" data-e-type=\"column\">\n\t\t\t<div class=\"elementor-widget-wrap elementor-element-populated\">\n\t\t\t\t\t\t<div class=\"elementor-element elementor-element-32f10798 elementor-widget elementor-widget-heading\" data-id=\"32f10798\" data-element_type=\"widget\" data-e-type=\"widget\" data-widget_type=\"heading.default\">\n\t\t\t\t<div class=\"elementor-widget-container\">\n\t\t\t\t\t<h1 class=\"elementor-heading-title elementor-size-default\">Mystique<\/h1>\t\t\t\t<\/div>\n\t\t\t\t<\/div>\n\t\t\t\t\t<\/div>\n\t\t<\/div>\n\t\t\t\t\t<\/div>\n\t\t<\/section>\n\t\t\t\t<section class=\"elementor-section elementor-top-section elementor-element elementor-element-6ab6389b elementor-section-boxed elementor-section-height-default elementor-section-height-default\" data-id=\"6ab6389b\" data-element_type=\"section\" data-e-type=\"section\">\n\t\t\t\t\t\t<div class=\"elementor-container elementor-column-gap-default\">\n\t\t\t\t\t<div class=\"elementor-column elementor-col-100 elementor-top-column elementor-element elementor-element-6f5a617e\" data-id=\"6f5a617e\" data-element_type=\"column\" data-e-type=\"column\">\n\t\t\t<div class=\"elementor-widget-wrap elementor-element-populated\">\n\t\t\t\t\t\t<div class=\"elementor-element elementor-element-4b1e6257 elementor-widget elementor-widget-text-editor\" data-id=\"4b1e6257\" data-element_type=\"widget\" data-e-type=\"widget\" data-widget_type=\"text-editor.default\">\n\t\t\t\t<div class=\"elementor-widget-container\">\n\t\t\t\t\t\t\t\t\t<p><\/p>\n<p>N\u00e9e le 20 septembre 2015 ( GCh Bleuzorange C Peawi Mystique)<\/p>\n<p><\/p>\n<p>N\u00e9e le 20 septembre 2015, Mystique est notre pilier d\u2019\u00e9levage. Nous avons fait son acquisition de l\u2019\u00e9levage Bleuzorange, lign\u00e9e fondatrice en sol canadien. Mystique s\u2019est vite d\u00e9marqu\u00e9e en comp\u00e9tition de conformation atteignant son grand-championnat rapidement, elle termina d\u2019ailleurs deuxi\u00e8me barbet au Canada et premi\u00e8re femelle de sa race en 2017 alors qu\u2019elle avait \u00e0 peine deux ans. Mais ce qui la distingue par-dessus tout c\u2019est son temp\u00e9rament tr\u00e8s doux et enjou\u00e9 ainsi que sa patience hors du commun. Elle a donn\u00e9 naissance \u00e0 30 petits barbichons r\u00e9partis sur 3 port\u00e9es, elle f\u00fbt une m\u00e8re d\u00e9vou\u00e9e et attentionn\u00e9e dont nous sommes tr\u00e8s fier.<\/p>\n<p>Elle joue maintenant son r\u00f4le de grand-m\u00e8re et sa retraite est pleinement m\u00e9rit\u00e9e. Elle est un atout important pour l\u2019\u00e9levage car elle adore s\u2019impliquer dans l\u2019\u00e9ducation des nouvelles g\u00e9n\u00e9rations de barbets Patronum.<\/p>\n<p><\/p>\t\t\t\t\t\t\t\t<\/div>\n\t\t\t\t<\/div>\n\t\t\t\t\t<\/div>\n\t\t<\/div>\n\t\t\t\t\t<\/div>\n\t\t<\/section>\n\t\t\t\t<section class=\"elementor-section elementor-top-section elementor-element elementor-element-4410b82 elementor-section-boxed elementor-section-height-default elementor-section-height-default\" data-id=\"4410b82\" data-element_type=\"section\" data-e-type=\"section\">\n\t\t\t\t\t\t<div class=\"elementor-container elementor-column-gap-default\">\n\t\t\t\t\t<div class=\"elementor-column elementor-col-100 elementor-top-column elementor-element elementor-element-b43e66e\" data-id=\"b43e66e\" data-element_type=\"column\" data-e-type=\"column\">\n\t\t\t<div class=\"elementor-widget-wrap elementor-element-populated\">\n\t\t\t\t\t\t<div class=\"elementor-element elementor-element-a0dc8c7 elementor-skin-carousel elementor-arrows-yes elementor-pagination-type-bullets elementor-pagination-position-outside elementor-widget elementor-widget-media-carousel\" data-id=\"a0dc8c7\" data-element_type=\"widget\" data-e-type=\"widget\" data-settings=\"{&quot;skin&quot;:&quot;carousel&quot;,&quot;effect&quot;:&quot;slide&quot;,&quot;show_arrows&quot;:&quot;yes&quot;,&quot;pagination&quot;:&quot;bullets&quot;,&quot;speed&quot;:500,&quot;autoplay&quot;:&quot;yes&quot;,&quot;autoplay_speed&quot;:5000,&quot;loop&quot;:&quot;yes&quot;,&quot;pause_on_hover&quot;:&quot;yes&quot;,&quot;pause_on_interaction&quot;:&quot;yes&quot;,&quot;space_between&quot;:{&quot;unit&quot;:&quot;px&quot;,&quot;size&quot;:10,&quot;sizes&quot;:[]},&quot;space_between_tablet&quot;:{&quot;unit&quot;:&quot;px&quot;,&quot;size&quot;:10,&quot;sizes&quot;:[]},&quot;space_between_mobile&quot;:{&quot;unit&quot;:&quot;px&quot;,&quot;size&quot;:10,&quot;sizes&quot;:[]}}\" data-widget_type=\"media-carousel.default\">\n\t\t\t\t<div class=\"elementor-widget-container\">\n\t\t\t\t\t\t\t<div class=\"elementor-swiper\">\n\t\t\t<div class=\"elementor-main-swiper swiper-container\">\n\t\t\t\t<div class=\"swiper-wrapper\">\n\t\t\t\t\t\t\t\t\t\t\t<div class=\"swiper-slide\">\n\t\t\t\t\t\t\t\t\t<div class=\"elementor-carousel-image\" style=\"background-image: url(https:\/\/barbetspatronum.ca\/wp-content\/uploads\/2021\/01\/22072020-IMG_8775Flogo-1.jpg)\">\n\n\t\t\t\n\t\t\t\t\t<\/div>\n\t\t\t\t\t\t\t\t<\/div>\n\t\t\t\t\t\t\t\t\t\t\t<div class=\"swiper-slide\">\n\t\t\t\t\t\t\t\t\t<div class=\"elementor-carousel-image\" style=\"background-image: url(https:\/\/barbetspatronum.ca\/wp-content\/uploads\/2021\/01\/Mymy-groupe-first-scaled.jpg)\">\n\n\t\t\t\n\t\t\t\t\t<\/div>\n\t\t\t\t\t\t\t\t<\/div>\n\t\t\t\t\t\t\t\t\t\t\t<div class=\"swiper-slide\">\n\t\t\t\t\t\t\t\t\t<div class=\"elementor-carousel-image\" style=\"background-image: url(https:\/\/barbetspatronum.ca\/wp-content\/uploads\/2020\/12\/David-A2C308E4-AE04-44B3-899E-96639F0C17A2.jpeg)\">\n\n\t\t\t\n\t\t\t\t\t<\/div>\n\t\t\t\t\t\t\t\t<\/div>\n\t\t\t\t\t\t\t\t\t\t\t<div class=\"swiper-slide\">\n\t\t\t\t\t\t\t\t\t<div class=\"elementor-carousel-image\" style=\"background-image: url(https:\/\/barbetspatronum.ca\/wp-content\/uploads\/2021\/01\/Mystique-grp1-scaled.jpg)\">\n\n\t\t\t\n\t\t\t\t\t<\/div>\n\t\t\t\t\t\t\t\t<\/div>\n\t\t\t\t\t\t\t\t\t\t\t<div class=\"swiper-slide\">\n\t\t\t\t\t\t\t\t\t<div class=\"elementor-carousel-image\" style=\"background-image: url(https:\/\/barbetspatronum.ca\/wp-content\/uploads\/2021\/01\/Mystique-base-de-plein-air-.png)\">\n\n\t\t\t\n\t\t\t\t\t<\/div>\n\t\t\t\t\t\t\t\t<\/div>\n\t\t\t\t\t\t\t\t\t\t\t<div class=\"swiper-slide\">\n\t\t\t\t\t\t\t\t\t<div class=\"elementor-carousel-image\" style=\"background-image: url(https:\/\/barbetspatronum.ca\/wp-content\/uploads\/2021\/01\/Mystique-grp-2.jpg)\">\n\n\t\t\t\n\t\t\t\t\t<\/div>\n\t\t\t\t\t\t\t\t<\/div>\n\t\t\t\t\t\t\t\t\t\t\t<div class=\"swiper-slide\">\n\t\t\t\t\t\t\t\t\t<div class=\"elementor-carousel-image\" style=\"background-image: url(https:\/\/barbetspatronum.ca\/wp-content\/uploads\/2021\/01\/MB-Mystique-bpg.jpg)\">\n\n\t\t\t\n\t\t\t\t\t<\/div>\n\t\t\t\t\t\t\t\t<\/div>\n\t\t\t\t\t\t\t\t\t<\/div>\n\t\t\t\t\t\t\t\t\t\t\t\t\t\t\t<div class=\"swiper-pagination\"><\/div>\n\t\t\t\t\t\t\t\t\t\t\t\t\t\t\t\t<div class=\"elementor-swiper-button elementor-swiper-button-prev\">\n\t\t\t\t\t\t\t<i aria-hidden=\"true\" class=\"eicon-chevron-left\"><\/i>\t\t\t\t\t\t\t<span class=\"elementor-screen-only\">Pr\u00e9c\u00e9dent<\/span>\n\t\t\t\t\t\t<\/div>\n\t\t\t\t\t\t<div class=\"elementor-swiper-button elementor-swiper-button-next\">\n\t\t\t\t\t\t\t<i aria-hidden=\"true\" class=\"eicon-chevron-right\"><\/i>\t\t\t\t\t\t\t<span class=\"elementor-screen-only\">Suivant<\/span>\n\t\t\t\t\t\t<\/div>\n\t\t\t\t\t\t\t\t\t\t\t\t<\/div>\n\t\t<\/div>\n\t\t\t\t\t\t<\/div>\n\t\t\t\t<\/div>\n\t\t\t\t\t<\/div>\n\t\t<\/div>\n\t\t\t\t\t<\/div>\n\t\t<\/section>\n\t\t\t\t<\/div>\n\t\t","protected":false},"excerpt":{"rendered":"<p>Mystique N\u00e9e le 20 septembre 2015 ( GCh Bleuzorange C Peawi Mystique) N\u00e9e le 20 septembre 2015, Mystique est notre pilier d\u2019\u00e9levage. Nous avons fait son acquisition de l\u2019\u00e9levage Bleuzorange, lign\u00e9e fondatrice en sol canadien. Mystique s\u2019est vite d\u00e9marqu\u00e9e en comp\u00e9tition de conformation atteignant son grand-championnat rapidement, elle termina d\u2019ailleurs deuxi\u00e8me barbet au Canada et &hellip;<\/p>\n<p class=\"read-more\"> <a class=\"\" href=\"https:\/\/barbetspatronum.ca\/index.php\/nos-chiens\/mystique\/\"> <span class=\"screen-reader-text\">Mystique<\/span> Lire la suite \u00bb<\/a><\/p>\n","protected":false},"author":1,"featured_media":26604,"parent":25290,"menu_order":0,"comment_status":"closed","ping_status":"closed","template":"","meta":{"site-sidebar-layout":"default","site-content-layout":"default","ast-global-header-display":"","ast-main-header-display":"","ast-hfb-above-header-display":"","ast-hfb-below-header-display":"","ast-hfb-mobile-header-display":"","site-post-title":"","ast-breadcrumbs-content":"","ast-featured-img":"","footer-sml-layout":"","theme-transparent-header-meta":"default","adv-header-id-meta":"","stick-header-meta":"","header-above-stick-meta":"","header-main-stick-meta":"","header-below-stick-meta":"","footnotes":""},"class_list":["post-25584","page","type-page","status-publish","has-post-thumbnail","hentry"],"_links":{"self":[{"href":"https:\/\/barbetspatronum.ca\/index.php\/wp-json\/wp\/v2\/pages\/25584","targetHints":{"allow":["GET"]}}],"collection":[{"href":"https:\/\/barbetspatronum.ca\/index.php\/wp-json\/wp\/v2\/pages"}],"about":[{"href":"https:\/\/barbetspatronum.ca\/index.php\/wp-json\/wp\/v2\/types\/page"}],"author":[{"embeddable":true,"href":"https:\/\/barbetspatronum.ca\/index.php\/wp-json\/wp\/v2\/users\/1"}],"replies":[{"embeddable":true,"href":"https:\/\/barbetspatronum.ca\/index.php\/wp-json\/wp\/v2\/comments?post=25584"}],"version-history":[{"count":15,"href":"https:\/\/barbetspatronum.ca\/index.php\/wp-json\/wp\/v2\/pages\/25584\/revisions"}],"predecessor-version":[{"id":27142,"href":"https:\/\/barbetspatronum.ca\/index.php\/wp-json\/wp\/v2\/pages\/25584\/revisions\/27142"}],"up":[{"embeddable":true,"href":"https:\/\/barbetspatronum.ca\/index.php\/wp-json\/wp\/v2\/pages\/25290"}],"wp:featuredmedia":[{"embeddable":true,"href":"https:\/\/barbetspatronum.ca\/index.php\/wp-json\/wp\/v2\/media\/26604"}],"wp:attachment":[{"href":"https:\/\/barbetspatronum.ca\/index.php\/wp-json\/wp\/v2\/media?parent=25584"}],"curies":[{"name":"wp","href":"https:\/\/api.w.org\/{rel}","templated":true}]}}