{"id":25974,"date":"2020-11-14T18:59:10","date_gmt":"2020-11-14T17:59:10","guid":{"rendered":"http:\/\/barbetspatronum.ca\/?page_id=25974"},"modified":"2023-05-17T08:55:05","modified_gmt":"2023-05-17T12:55:05","slug":"valka","status":"publish","type":"page","link":"https:\/\/barbetspatronum.ca\/index.php\/nos-chiens\/valka\/","title":{"rendered":"Valka"},"content":{"rendered":"\t\t<div data-elementor-type=\"wp-page\" data-elementor-id=\"25974\" class=\"elementor elementor-25974\">\n\t\t\t\t\t\t<section class=\"elementor-section elementor-top-section elementor-element elementor-element-62adce23 elementor-section-boxed elementor-section-height-default elementor-section-height-default\" data-id=\"62adce23\" data-element_type=\"section\" data-e-type=\"section\">\n\t\t\t\t\t\t<div class=\"elementor-container elementor-column-gap-default\">\n\t\t\t\t\t<div class=\"elementor-column elementor-col-100 elementor-top-column elementor-element elementor-element-1e5172a1\" data-id=\"1e5172a1\" data-element_type=\"column\" data-e-type=\"column\">\n\t\t\t<div class=\"elementor-widget-wrap elementor-element-populated\">\n\t\t\t\t\t\t<div class=\"elementor-element elementor-element-7eb5f834 elementor-widget elementor-widget-heading\" data-id=\"7eb5f834\" data-element_type=\"widget\" data-e-type=\"widget\" data-widget_type=\"heading.default\">\n\t\t\t\t<div class=\"elementor-widget-container\">\n\t\t\t\t\t<h1 class=\"elementor-heading-title elementor-size-default\">Valka<\/h1>\t\t\t\t<\/div>\n\t\t\t\t<\/div>\n\t\t\t\t\t<\/div>\n\t\t<\/div>\n\t\t\t\t\t<\/div>\n\t\t<\/section>\n\t\t\t\t<section class=\"elementor-section elementor-top-section elementor-element elementor-element-20333605 elementor-section-boxed elementor-section-height-default elementor-section-height-default\" data-id=\"20333605\" data-element_type=\"section\" data-e-type=\"section\">\n\t\t\t\t\t\t<div class=\"elementor-container elementor-column-gap-default\">\n\t\t\t\t\t<div class=\"elementor-column elementor-col-100 elementor-top-column elementor-element elementor-element-37a963d9\" data-id=\"37a963d9\" data-element_type=\"column\" data-e-type=\"column\">\n\t\t\t<div class=\"elementor-widget-wrap elementor-element-populated\">\n\t\t\t\t\t\t<div class=\"elementor-element elementor-element-2f02e4e6 elementor-widget elementor-widget-text-editor\" data-id=\"2f02e4e6\" data-element_type=\"widget\" data-e-type=\"widget\" data-widget_type=\"text-editor.default\">\n\t\t\t\t<div class=\"elementor-widget-container\">\n\t\t\t\t\t\t\t\t\t<p><\/p>\n<p>N\u00e9e le 28 d\u00e9cembre 2017 (GCh Patronum Bleuzorange Valka)<\/p>\n<p><\/p>\n<p><\/p>\n<p>Valka a l\u2019\u00e2me d\u2019une gardienne, elle est profond\u00e9ment d\u00e9vou\u00e9e \u00e0 sa famille, sa meute, et particuli\u00e8rement sa m\u00e8re <a href=\"https:\/\/barbetspatronum.ca\/index.php\/nos-chiens\/mystique\/\"><strong>Mystique<\/strong><\/a> qu\u2019elle aime tant. Toujours \u00e0 ses c\u00f4t\u00e9s, elle a veill\u00e9 jour et nuit sur les barbichons qui ont vu le jour chez nous. Le terme \u00ab\u00a0Patronum\u00a0\u00bb qui veut dire protecteur en latin lui va tr\u00e8s bien. Malgr\u00e9 tout le s\u00e9rieux qu\u2019elle met \u00e0 veiller sur les autres, elle a un c\u00f4t\u00e9 coquin voir enfantin qui lui est propre, elle ne peut r\u00e9sister \u00e0 voler une peluche aux enfants ou se faire une collection de bas perdus! Valka est grande championne canadienne, sa grande sensibilit\u00e9 avec les enfants l\u2019a men\u00e9 aussi r\u00e9guli\u00e8rement dans le ring des jeunes manieurs, elle accompagna d\u2019ailleurs Clara jusqu\u2019\u00e0 la troisi\u00e8me place provinciale en 2018.<\/p>\n<p>Valka nous a donn\u00e9 sa premi\u00e8re port\u00e9e en 2021 avec <a href=\"https:\/\/barbetspatronum.ca\/index.php\/nos-chiens\/indiana\/\"><strong>Indiana<\/strong><\/a>. Ils ont tous deux r\u00e9cidiv\u00e9 avec une port\u00e9e en 2023 de 6 chiots. Elle est donc \u00e0 ce jour la maman exemplaire de 16 adorables barbets.<\/p>\n<p><\/p>\t\t\t\t\t\t\t\t<\/div>\n\t\t\t\t<\/div>\n\t\t\t\t\t<\/div>\n\t\t<\/div>\n\t\t\t\t\t<\/div>\n\t\t<\/section>\n\t\t\t\t<section class=\"elementor-section elementor-top-section elementor-element elementor-element-67b37f2 elementor-section-boxed elementor-section-height-default elementor-section-height-default\" data-id=\"67b37f2\" data-element_type=\"section\" data-e-type=\"section\">\n\t\t\t\t\t\t<div class=\"elementor-container elementor-column-gap-default\">\n\t\t\t\t\t<div class=\"elementor-column elementor-col-100 elementor-top-column elementor-element elementor-element-cad74e5\" data-id=\"cad74e5\" data-element_type=\"column\" data-e-type=\"column\">\n\t\t\t<div class=\"elementor-widget-wrap elementor-element-populated\">\n\t\t\t\t\t\t<div class=\"elementor-element elementor-element-d212ba1 elementor-skin-carousel elementor-arrows-yes elementor-pagination-type-bullets elementor-pagination-position-outside elementor-widget elementor-widget-media-carousel\" data-id=\"d212ba1\" data-element_type=\"widget\" data-e-type=\"widget\" data-settings=\"{&quot;skin&quot;:&quot;carousel&quot;,&quot;effect&quot;:&quot;slide&quot;,&quot;show_arrows&quot;:&quot;yes&quot;,&quot;pagination&quot;:&quot;bullets&quot;,&quot;speed&quot;:500,&quot;autoplay&quot;:&quot;yes&quot;,&quot;autoplay_speed&quot;:5000,&quot;loop&quot;:&quot;yes&quot;,&quot;pause_on_hover&quot;:&quot;yes&quot;,&quot;pause_on_interaction&quot;:&quot;yes&quot;,&quot;space_between&quot;:{&quot;unit&quot;:&quot;px&quot;,&quot;size&quot;:10,&quot;sizes&quot;:[]},&quot;space_between_tablet&quot;:{&quot;unit&quot;:&quot;px&quot;,&quot;size&quot;:10,&quot;sizes&quot;:[]},&quot;space_between_mobile&quot;:{&quot;unit&quot;:&quot;px&quot;,&quot;size&quot;:10,&quot;sizes&quot;:[]}}\" data-widget_type=\"media-carousel.default\">\n\t\t\t\t<div class=\"elementor-widget-container\">\n\t\t\t\t\t\t\t<div class=\"elementor-swiper\">\n\t\t\t<div class=\"elementor-main-swiper swiper-container\">\n\t\t\t\t<div class=\"swiper-wrapper\">\n\t\t\t\t\t\t\t\t\t\t\t<div class=\"swiper-slide\">\n\t\t\t\t\t\t\t\t\t<div class=\"elementor-carousel-image\" style=\"background-image: url(https:\/\/barbetspatronum.ca\/wp-content\/uploads\/2021\/01\/22072020-IMG_8589Flogo.jpg)\">\n\n\t\t\t\n\t\t\t\t\t<\/div>\n\t\t\t\t\t\t\t\t<\/div>\n\t\t\t\t\t\t\t\t\t\t\t<div class=\"swiper-slide\">\n\t\t\t\t\t\t\t\t\t<div class=\"elementor-carousel-image\" style=\"background-image: url(https:\/\/barbetspatronum.ca\/wp-content\/uploads\/2021\/01\/Clara-et-Valou.jpeg)\">\n\n\t\t\t\n\t\t\t\t\t<\/div>\n\t\t\t\t\t\t\t\t<\/div>\n\t\t\t\t\t\t\t\t\t\t\t<div class=\"swiper-slide\">\n\t\t\t\t\t\t\t\t\t<div class=\"elementor-carousel-image\" style=\"background-image: url(https:\/\/barbetspatronum.ca\/wp-content\/uploads\/2021\/01\/Valka-Champ-modif2-scaled-e1610552637532.jpg)\">\n\n\t\t\t\n\t\t\t\t\t<\/div>\n\t\t\t\t\t\t\t\t<\/div>\n\t\t\t\t\t\t\t\t\t\t\t<div class=\"swiper-slide\">\n\t\t\t\t\t\t\t\t\t<div class=\"elementor-carousel-image\" style=\"background-image: url(https:\/\/barbetspatronum.ca\/wp-content\/uploads\/2021\/01\/Valka-5-semaines-scaled.jpg)\">\n\n\t\t\t\n\t\t\t\t\t<\/div>\n\t\t\t\t\t\t\t\t<\/div>\n\t\t\t\t\t\t\t\t\t\t\t<div class=\"swiper-slide\">\n\t\t\t\t\t\t\t\t\t<div class=\"elementor-carousel-image\" style=\"background-image: url(https:\/\/barbetspatronum.ca\/wp-content\/uploads\/2021\/01\/Val-jas-e1610552909934.jpg)\">\n\n\t\t\t\n\t\t\t\t\t<\/div>\n\t\t\t\t\t\t\t\t<\/div>\n\t\t\t\t\t\t\t\t\t\t\t<div class=\"swiper-slide\">\n\t\t\t\t\t\t\t\t\t<div class=\"elementor-carousel-image\" style=\"background-image: url(https:\/\/barbetspatronum.ca\/wp-content\/uploads\/2021\/01\/David-et-Val-bbpg-scaled.jpeg)\">\n\n\t\t\t\n\t\t\t\t\t<\/div>\n\t\t\t\t\t\t\t\t<\/div>\n\t\t\t\t\t\t\t\t\t\t\t<div class=\"swiper-slide\">\n\t\t\t\t\t\t\t\t\t<div class=\"elementor-carousel-image\" style=\"background-image: url(https:\/\/barbetspatronum.ca\/wp-content\/uploads\/2021\/01\/Valka-bbpg.jpg)\">\n\n\t\t\t\n\t\t\t\t\t<\/div>\n\t\t\t\t\t\t\t\t<\/div>\n\t\t\t\t\t\t\t\t\t\t\t<div class=\"swiper-slide\">\n\t\t\t\t\t\t\t\t\t<div class=\"elementor-carousel-image\" style=\"background-image: url(https:\/\/barbetspatronum.ca\/wp-content\/uploads\/2021\/01\/Val-couche-de-soleil-scaled.jpg)\">\n\n\t\t\t\n\t\t\t\t\t<\/div>\n\t\t\t\t\t\t\t\t<\/div>\n\t\t\t\t\t\t\t\t\t\t\t<div class=\"swiper-slide\">\n\t\t\t\t\t\t\t\t\t<div class=\"elementor-carousel-image\" style=\"background-image: url(https:\/\/barbetspatronum.ca\/wp-content\/uploads\/2021\/01\/provincial-Clara-Val-scaled.jpeg)\">\n\n\t\t\t\n\t\t\t\t\t<\/div>\n\t\t\t\t\t\t\t\t<\/div>\n\t\t\t\t\t\t\t\t\t\t\t<div class=\"swiper-slide\">\n\t\t\t\t\t\t\t\t\t<div class=\"elementor-carousel-image\" style=\"background-image: url(https:\/\/barbetspatronum.ca\/wp-content\/uploads\/2021\/01\/IMG_1025-scaled.jpg)\">\n\n\t\t\t\n\t\t\t\t\t<\/div>\n\t\t\t\t\t\t\t\t<\/div>\n\t\t\t\t\t\t\t\t\t\t\t<div class=\"swiper-slide\">\n\t\t\t\t\t\t\t\t\t<div class=\"elementor-carousel-image\" style=\"background-image: url(https:\/\/barbetspatronum.ca\/wp-content\/uploads\/2021\/09\/valou.jpg)\">\n\n\t\t\t\n\t\t\t\t\t<\/div>\n\t\t\t\t\t\t\t\t<\/div>\n\t\t\t\t\t\t\t\t\t\t\t<div class=\"swiper-slide\">\n\t\t\t\t\t\t\t\t\t<div class=\"elementor-carousel-image\" style=\"background-image: url(https:\/\/barbetspatronum.ca\/wp-content\/uploads\/2021\/09\/IMG_4497.jpg)\">\n\n\t\t\t\n\t\t\t\t\t<\/div>\n\t\t\t\t\t\t\t\t<\/div>\n\t\t\t\t\t\t\t\t\t<\/div>\n\t\t\t\t\t\t\t\t\t\t\t\t\t\t\t<div class=\"swiper-pagination\"><\/div>\n\t\t\t\t\t\t\t\t\t\t\t\t\t\t\t\t<div class=\"elementor-swiper-button elementor-swiper-button-prev\">\n\t\t\t\t\t\t\t<i aria-hidden=\"true\" class=\"eicon-chevron-left\"><\/i>\t\t\t\t\t\t\t<span class=\"elementor-screen-only\">Pr\u00e9c\u00e9dent<\/span>\n\t\t\t\t\t\t<\/div>\n\t\t\t\t\t\t<div class=\"elementor-swiper-button elementor-swiper-button-next\">\n\t\t\t\t\t\t\t<i aria-hidden=\"true\" class=\"eicon-chevron-right\"><\/i>\t\t\t\t\t\t\t<span class=\"elementor-screen-only\">Suivant<\/span>\n\t\t\t\t\t\t<\/div>\n\t\t\t\t\t\t\t\t\t\t\t\t<\/div>\n\t\t<\/div>\n\t\t\t\t\t\t<\/div>\n\t\t\t\t<\/div>\n\t\t\t\t\t<\/div>\n\t\t<\/div>\n\t\t\t\t\t<\/div>\n\t\t<\/section>\n\t\t\t\t<\/div>\n\t\t","protected":false},"excerpt":{"rendered":"<p>Valka N\u00e9e le 28 d\u00e9cembre 2017 (GCh Patronum Bleuzorange Valka) Valka a l\u2019\u00e2me d\u2019une gardienne, elle est profond\u00e9ment d\u00e9vou\u00e9e \u00e0 sa famille, sa meute, et particuli\u00e8rement sa m\u00e8re Mystique qu\u2019elle aime tant. Toujours \u00e0 ses c\u00f4t\u00e9s, elle a veill\u00e9 jour et nuit sur les barbichons qui ont vu le jour chez nous. Le terme \u00ab\u00a0Patronum\u00a0\u00bb &hellip;<\/p>\n<p class=\"read-more\"> <a class=\"\" href=\"https:\/\/barbetspatronum.ca\/index.php\/nos-chiens\/valka\/\"> <span class=\"screen-reader-text\">Valka<\/span> Lire la suite \u00bb<\/a><\/p>\n","protected":false},"author":1,"featured_media":26605,"parent":25290,"menu_order":0,"comment_status":"closed","ping_status":"closed","template":"","meta":{"site-sidebar-layout":"default","site-content-layout":"default","ast-global-header-display":"","ast-main-header-display":"","ast-hfb-above-header-display":"","ast-hfb-below-header-display":"","ast-hfb-mobile-header-display":"","site-post-title":"","ast-breadcrumbs-content":"","ast-featured-img":"","footer-sml-layout":"","theme-transparent-header-meta":"default","adv-header-id-meta":"","stick-header-meta":"","header-above-stick-meta":"","header-main-stick-meta":"","header-below-stick-meta":"","footnotes":""},"class_list":["post-25974","page","type-page","status-publish","has-post-thumbnail","hentry"],"_links":{"self":[{"href":"https:\/\/barbetspatronum.ca\/index.php\/wp-json\/wp\/v2\/pages\/25974","targetHints":{"allow":["GET"]}}],"collection":[{"href":"https:\/\/barbetspatronum.ca\/index.php\/wp-json\/wp\/v2\/pages"}],"about":[{"href":"https:\/\/barbetspatronum.ca\/index.php\/wp-json\/wp\/v2\/types\/page"}],"author":[{"embeddable":true,"href":"https:\/\/barbetspatronum.ca\/index.php\/wp-json\/wp\/v2\/users\/1"}],"replies":[{"embeddable":true,"href":"https:\/\/barbetspatronum.ca\/index.php\/wp-json\/wp\/v2\/comments?post=25974"}],"version-history":[{"count":34,"href":"https:\/\/barbetspatronum.ca\/index.php\/wp-json\/wp\/v2\/pages\/25974\/revisions"}],"predecessor-version":[{"id":27429,"href":"https:\/\/barbetspatronum.ca\/index.php\/wp-json\/wp\/v2\/pages\/25974\/revisions\/27429"}],"up":[{"embeddable":true,"href":"https:\/\/barbetspatronum.ca\/index.php\/wp-json\/wp\/v2\/pages\/25290"}],"wp:featuredmedia":[{"embeddable":true,"href":"https:\/\/barbetspatronum.ca\/index.php\/wp-json\/wp\/v2\/media\/26605"}],"wp:attachment":[{"href":"https:\/\/barbetspatronum.ca\/index.php\/wp-json\/wp\/v2\/media?parent=25974"}],"curies":[{"name":"wp","href":"https:\/\/api.w.org\/{rel}","templated":true}]}}