{"id":25978,"date":"2020-11-14T19:00:22","date_gmt":"2020-11-14T18:00:22","guid":{"rendered":"http:\/\/barbetspatronum.ca\/?page_id=25978"},"modified":"2023-08-19T01:41:16","modified_gmt":"2023-08-19T05:41:16","slug":"livia","status":"publish","type":"page","link":"https:\/\/barbetspatronum.ca\/index.php\/nos-chiens\/livia\/","title":{"rendered":"Livia"},"content":{"rendered":"\t\t<div data-elementor-type=\"wp-page\" data-elementor-id=\"25978\" class=\"elementor elementor-25978\">\n\t\t\t\t\t\t<section class=\"elementor-section elementor-top-section elementor-element elementor-element-3ef28bae elementor-section-boxed elementor-section-height-default elementor-section-height-default\" data-id=\"3ef28bae\" data-element_type=\"section\" data-e-type=\"section\">\n\t\t\t\t\t\t<div class=\"elementor-container elementor-column-gap-default\">\n\t\t\t\t\t<div class=\"elementor-column elementor-col-100 elementor-top-column elementor-element elementor-element-29dc3d64\" data-id=\"29dc3d64\" data-element_type=\"column\" data-e-type=\"column\">\n\t\t\t<div class=\"elementor-widget-wrap elementor-element-populated\">\n\t\t\t\t\t\t<div class=\"elementor-element elementor-element-34286dee elementor-widget elementor-widget-heading\" data-id=\"34286dee\" data-element_type=\"widget\" data-e-type=\"widget\" data-widget_type=\"heading.default\">\n\t\t\t\t<div class=\"elementor-widget-container\">\n\t\t\t\t\t<h1 class=\"elementor-heading-title elementor-size-default\">Livia<\/h1>\t\t\t\t<\/div>\n\t\t\t\t<\/div>\n\t\t\t\t\t<\/div>\n\t\t<\/div>\n\t\t\t\t\t<\/div>\n\t\t<\/section>\n\t\t\t\t<section class=\"elementor-section elementor-top-section elementor-element elementor-element-12d64726 elementor-section-boxed elementor-section-height-default elementor-section-height-default\" data-id=\"12d64726\" data-element_type=\"section\" data-e-type=\"section\">\n\t\t\t\t\t\t<div class=\"elementor-container elementor-column-gap-default\">\n\t\t\t\t\t<div class=\"elementor-column elementor-col-100 elementor-top-column elementor-element elementor-element-1d9f363f\" data-id=\"1d9f363f\" data-element_type=\"column\" data-e-type=\"column\">\n\t\t\t<div class=\"elementor-widget-wrap elementor-element-populated\">\n\t\t\t\t\t\t<div class=\"elementor-element elementor-element-1410a0c6 elementor-widget elementor-widget-text-editor\" data-id=\"1410a0c6\" data-element_type=\"widget\" data-e-type=\"widget\" data-widget_type=\"text-editor.default\">\n\t\t\t\t<div class=\"elementor-widget-container\">\n\t\t\t\t\t\t\t\t\t<p><\/p>\n<p>N\u00e9e le 28 d\u00e9cembre 2017 ( GCh Patronum bleuzorange Olivia GCN NS SGDC Ag.NJ JT )<\/p>\n<p>Livia est l\u2019incarnation de la versatilit\u00e9. Elle excelle dans tous les cours qu\u2019on prend avec elle et avec un entrain hors du commun. Ce qu\u2019elle a touch\u00e9 \u00e0 ce jour ? Entra\u00eenement \u00e0 la conformation, l\u2019agilit\u00e9, le pistage et les trucs inutiles, juste pour le fun !!!\u00a0 Pour lui faire le plus grand plaisir on joue \u00e0 la balle ! Elle rapporte naturellement et elle n\u2019est pas arr\u00eatable !<\/p>\n<p>Depuis qu\u2019elle a un an, elle accompagne aussi une psycho \u00e9ducatrice pour de la zooth\u00e9rapie aupr\u00e8s de personnes \u00e2g\u00e9es, de jeunes malentendants dans leur classe r\u00e9guli\u00e8re et aupr\u00e8s de jeunes autistes en rencontres individuelles. Dans ce cadre, elle est pos\u00e9e et charmante ! Elle a la bonne dose patience qu\u2019il faut.\u00a0<\/p>\n<p>Ses d\u00e9fauts ? Il faut lui courir apr\u00e8s pour mettre son harnais !\u00a0 \u00c0 part \u00e7a ? Rien de grave&#8230;<\/p>\n<p>Sinon elle est un pot de colle. Elle dort sur notre lit et prend toute la place sur le divan. Et on adore \u00e7a!<\/p>\n<p>(Odette Girard et Jean-Claude Suprenant)<\/p>\n<p>Olivia nous a donn\u00e9 une belle port\u00e9e de 9 chiots le 16 septembre 2020. Elle a \u00e9t\u00e9 une maman tr\u00e8s attentionn\u00e9e. Elle a par la suite quitt\u00e9 notre programme d\u2019\u00e9levage, mais son histoire ne s\u2019arr\u00eate pas l\u00e0. Elle sera d\u00e9sormais le pilier fondateur d\u2019un autre \u00e9levage. Elle est d\u2019ailleurs partie avec sa fille Monya. Nous sommes tr\u00e8s fiers de savoir que le fruit de notre \u00e9levage est si bien consid\u00e9r\u00e9. Olivia a eu une depuis une deuxi\u00e8me port\u00e9e, le papa \u00e9tant notre beau <a href=\"https:\/\/barbetspatronum.ca\/index.php\/nos-chiens\/indiana\/\"><strong>Indiana<\/strong><\/a>.<\/p>\n<p><\/p>\t\t\t\t\t\t\t\t<\/div>\n\t\t\t\t<\/div>\n\t\t\t\t\t<\/div>\n\t\t<\/div>\n\t\t\t\t\t<\/div>\n\t\t<\/section>\n\t\t\t\t<section class=\"elementor-section elementor-top-section elementor-element elementor-element-0cd84c2 elementor-section-boxed elementor-section-height-default elementor-section-height-default\" data-id=\"0cd84c2\" data-element_type=\"section\" data-e-type=\"section\">\n\t\t\t\t\t\t<div class=\"elementor-container elementor-column-gap-default\">\n\t\t\t\t\t<div class=\"elementor-column elementor-col-100 elementor-top-column elementor-element elementor-element-34e34ce\" data-id=\"34e34ce\" data-element_type=\"column\" data-e-type=\"column\">\n\t\t\t<div class=\"elementor-widget-wrap elementor-element-populated\">\n\t\t\t\t\t\t<div class=\"elementor-element elementor-element-74189de elementor-skin-carousel elementor-arrows-yes elementor-pagination-type-bullets elementor-pagination-position-outside elementor-widget elementor-widget-media-carousel\" data-id=\"74189de\" data-element_type=\"widget\" data-e-type=\"widget\" data-settings=\"{&quot;skin&quot;:&quot;carousel&quot;,&quot;effect&quot;:&quot;slide&quot;,&quot;show_arrows&quot;:&quot;yes&quot;,&quot;pagination&quot;:&quot;bullets&quot;,&quot;speed&quot;:500,&quot;autoplay&quot;:&quot;yes&quot;,&quot;autoplay_speed&quot;:5000,&quot;loop&quot;:&quot;yes&quot;,&quot;pause_on_hover&quot;:&quot;yes&quot;,&quot;pause_on_interaction&quot;:&quot;yes&quot;,&quot;space_between&quot;:{&quot;unit&quot;:&quot;px&quot;,&quot;size&quot;:10,&quot;sizes&quot;:[]},&quot;space_between_tablet&quot;:{&quot;unit&quot;:&quot;px&quot;,&quot;size&quot;:10,&quot;sizes&quot;:[]},&quot;space_between_mobile&quot;:{&quot;unit&quot;:&quot;px&quot;,&quot;size&quot;:10,&quot;sizes&quot;:[]}}\" data-widget_type=\"media-carousel.default\">\n\t\t\t\t<div class=\"elementor-widget-container\">\n\t\t\t\t\t\t\t<div class=\"elementor-swiper\">\n\t\t\t<div class=\"elementor-main-swiper swiper-container\">\n\t\t\t\t<div class=\"swiper-wrapper\">\n\t\t\t\t\t\t\t\t\t\t\t<div class=\"swiper-slide\">\n\t\t\t\t\t\t\t\t\t<div class=\"elementor-carousel-image\" style=\"background-image: url(https:\/\/barbetspatronum.ca\/wp-content\/uploads\/2021\/01\/IMG_0242.jpg)\">\n\n\t\t\t\n\t\t\t\t\t<\/div>\n\t\t\t\t\t\t\t\t<\/div>\n\t\t\t\t\t\t\t\t\t\t\t<div class=\"swiper-slide\">\n\t\t\t\t\t\t\t\t\t<div class=\"elementor-carousel-image\" style=\"background-image: url(https:\/\/barbetspatronum.ca\/wp-content\/uploads\/2021\/01\/IMG_0250.jpg)\">\n\n\t\t\t\n\t\t\t\t\t<\/div>\n\t\t\t\t\t\t\t\t<\/div>\n\t\t\t\t\t\t\t\t\t\t\t<div class=\"swiper-slide\">\n\t\t\t\t\t\t\t\t\t<div class=\"elementor-carousel-image\" style=\"background-image: url(https:\/\/barbetspatronum.ca\/wp-content\/uploads\/2021\/01\/Olivia-Championne-scaled.jpg)\">\n\n\t\t\t\n\t\t\t\t\t<\/div>\n\t\t\t\t\t\t\t\t<\/div>\n\t\t\t\t\t\t\t\t\t\t\t<div class=\"swiper-slide\">\n\t\t\t\t\t\t\t\t\t<div class=\"elementor-carousel-image\" style=\"background-image: url(https:\/\/barbetspatronum.ca\/wp-content\/uploads\/2021\/01\/IMG_0240.jpg)\">\n\n\t\t\t\n\t\t\t\t\t<\/div>\n\t\t\t\t\t\t\t\t<\/div>\n\t\t\t\t\t\t\t\t\t\t\t<div class=\"swiper-slide\">\n\t\t\t\t\t\t\t\t\t<div class=\"elementor-carousel-image\" style=\"background-image: url(https:\/\/barbetspatronum.ca\/wp-content\/uploads\/2020\/12\/David-4F120B94-E395-4924-B62D-1DC430ACC0B8-1.jpeg)\">\n\n\t\t\t\n\t\t\t\t\t<\/div>\n\t\t\t\t\t\t\t\t<\/div>\n\t\t\t\t\t\t\t\t\t<\/div>\n\t\t\t\t\t\t\t\t\t\t\t\t\t\t\t<div class=\"swiper-pagination\"><\/div>\n\t\t\t\t\t\t\t\t\t\t\t\t\t\t\t\t<div class=\"elementor-swiper-button elementor-swiper-button-prev\">\n\t\t\t\t\t\t\t<i aria-hidden=\"true\" class=\"eicon-chevron-left\"><\/i>\t\t\t\t\t\t\t<span class=\"elementor-screen-only\">Pr\u00e9c\u00e9dent<\/span>\n\t\t\t\t\t\t<\/div>\n\t\t\t\t\t\t<div class=\"elementor-swiper-button elementor-swiper-button-next\">\n\t\t\t\t\t\t\t<i aria-hidden=\"true\" class=\"eicon-chevron-right\"><\/i>\t\t\t\t\t\t\t<span class=\"elementor-screen-only\">Suivant<\/span>\n\t\t\t\t\t\t<\/div>\n\t\t\t\t\t\t\t\t\t\t\t\t<\/div>\n\t\t<\/div>\n\t\t\t\t\t\t<\/div>\n\t\t\t\t<\/div>\n\t\t\t\t\t<\/div>\n\t\t<\/div>\n\t\t\t\t\t<\/div>\n\t\t<\/section>\n\t\t\t\t<\/div>\n\t\t","protected":false},"excerpt":{"rendered":"<p>Livia N\u00e9e le 28 d\u00e9cembre 2017 ( GCh Patronum bleuzorange Olivia GCN NS SGDC Ag.NJ JT ) Livia est l\u2019incarnation de la versatilit\u00e9. Elle excelle dans tous les cours qu\u2019on prend avec elle et avec un entrain hors du commun. Ce qu\u2019elle a touch\u00e9 \u00e0 ce jour ? Entra\u00eenement \u00e0 la conformation, l\u2019agilit\u00e9, le pistage &hellip;<\/p>\n<p class=\"read-more\"> <a class=\"\" href=\"https:\/\/barbetspatronum.ca\/index.php\/nos-chiens\/livia\/\"> <span class=\"screen-reader-text\">Livia<\/span> Lire la suite \u00bb<\/a><\/p>\n","protected":false},"author":1,"featured_media":25845,"parent":25290,"menu_order":0,"comment_status":"closed","ping_status":"closed","template":"","meta":{"site-sidebar-layout":"default","site-content-layout":"default","ast-global-header-display":"","ast-main-header-display":"","ast-hfb-above-header-display":"","ast-hfb-below-header-display":"","ast-hfb-mobile-header-display":"","site-post-title":"","ast-breadcrumbs-content":"","ast-featured-img":"","footer-sml-layout":"","theme-transparent-header-meta":"default","adv-header-id-meta":"","stick-header-meta":"","header-above-stick-meta":"","header-main-stick-meta":"","header-below-stick-meta":"","footnotes":""},"class_list":["post-25978","page","type-page","status-publish","has-post-thumbnail","hentry"],"_links":{"self":[{"href":"https:\/\/barbetspatronum.ca\/index.php\/wp-json\/wp\/v2\/pages\/25978","targetHints":{"allow":["GET"]}}],"collection":[{"href":"https:\/\/barbetspatronum.ca\/index.php\/wp-json\/wp\/v2\/pages"}],"about":[{"href":"https:\/\/barbetspatronum.ca\/index.php\/wp-json\/wp\/v2\/types\/page"}],"author":[{"embeddable":true,"href":"https:\/\/barbetspatronum.ca\/index.php\/wp-json\/wp\/v2\/users\/1"}],"replies":[{"embeddable":true,"href":"https:\/\/barbetspatronum.ca\/index.php\/wp-json\/wp\/v2\/comments?post=25978"}],"version-history":[{"count":27,"href":"https:\/\/barbetspatronum.ca\/index.php\/wp-json\/wp\/v2\/pages\/25978\/revisions"}],"predecessor-version":[{"id":27478,"href":"https:\/\/barbetspatronum.ca\/index.php\/wp-json\/wp\/v2\/pages\/25978\/revisions\/27478"}],"up":[{"embeddable":true,"href":"https:\/\/barbetspatronum.ca\/index.php\/wp-json\/wp\/v2\/pages\/25290"}],"wp:featuredmedia":[{"embeddable":true,"href":"https:\/\/barbetspatronum.ca\/index.php\/wp-json\/wp\/v2\/media\/25845"}],"wp:attachment":[{"href":"https:\/\/barbetspatronum.ca\/index.php\/wp-json\/wp\/v2\/media?parent=25978"}],"curies":[{"name":"wp","href":"https:\/\/api.w.org\/{rel}","templated":true}]}}