{"id":26037,"date":"2020-11-22T19:00:03","date_gmt":"2020-11-22T18:00:03","guid":{"rendered":"http:\/\/barbetspatronum.ca\/?page_id=26037"},"modified":"2023-05-17T07:31:01","modified_gmt":"2023-05-17T11:31:01","slug":"luna","status":"publish","type":"page","link":"https:\/\/barbetspatronum.ca\/index.php\/nos-chiens\/luna\/","title":{"rendered":"Luna"},"content":{"rendered":"\t\t<div data-elementor-type=\"wp-page\" data-elementor-id=\"26037\" class=\"elementor elementor-26037\">\n\t\t\t\t\t\t<section class=\"elementor-section elementor-top-section elementor-element elementor-element-4dd88dcc elementor-section-boxed elementor-section-height-default elementor-section-height-default\" data-id=\"4dd88dcc\" data-element_type=\"section\" data-e-type=\"section\">\n\t\t\t\t\t\t<div class=\"elementor-container elementor-column-gap-default\">\n\t\t\t\t\t<div class=\"elementor-column elementor-col-100 elementor-top-column elementor-element elementor-element-96cfd55\" data-id=\"96cfd55\" data-element_type=\"column\" data-e-type=\"column\">\n\t\t\t<div class=\"elementor-widget-wrap elementor-element-populated\">\n\t\t\t\t\t\t<div class=\"elementor-element elementor-element-172f8d87 elementor-widget elementor-widget-heading\" data-id=\"172f8d87\" data-element_type=\"widget\" data-e-type=\"widget\" data-widget_type=\"heading.default\">\n\t\t\t\t<div class=\"elementor-widget-container\">\n\t\t\t\t\t<h1 class=\"elementor-heading-title elementor-size-default\">Luna<\/h1>\t\t\t\t<\/div>\n\t\t\t\t<\/div>\n\t\t\t\t\t<\/div>\n\t\t<\/div>\n\t\t\t\t\t<\/div>\n\t\t<\/section>\n\t\t\t\t<section class=\"elementor-section elementor-top-section elementor-element elementor-element-7f8c5962 elementor-section-boxed elementor-section-height-default elementor-section-height-default\" data-id=\"7f8c5962\" data-element_type=\"section\" data-e-type=\"section\">\n\t\t\t\t\t\t<div class=\"elementor-container elementor-column-gap-default\">\n\t\t\t\t\t<div class=\"elementor-column elementor-col-100 elementor-top-column elementor-element elementor-element-58504540\" data-id=\"58504540\" data-element_type=\"column\" data-e-type=\"column\">\n\t\t\t<div class=\"elementor-widget-wrap elementor-element-populated\">\n\t\t\t\t\t\t<div class=\"elementor-element elementor-element-4392d42b elementor-widget elementor-widget-text-editor\" data-id=\"4392d42b\" data-element_type=\"widget\" data-e-type=\"widget\" data-widget_type=\"text-editor.default\">\n\t\t\t\t<div class=\"elementor-widget-container\">\n\t\t\t\t\t\t\t\t\t<p><\/p>\n<p>N\u00e9e le 31 janvier 2019 (Ch Patronum Alohomora Bella Luna)<\/p>\n<p><\/p>\n<p>Luna est unique, une Barbette d\u2019exception. Une barbette que nous pouvons rencontrer une seule fois dans la vie! Depuis le premier jour de son arriv\u00e9e au printemps 2019, elle ne cesse de nous charmer. Nous croyons qu\u2019elle a h\u00e9rit\u00e9 de la bonne nature de sa maman Mystique.<\/p>\n<p><\/p>\n<p>Lulu adore \u00eatre avec nous et \u00eatre au centre de tous les projets. Elle aime faire des promenades en auto et devenir l\u2019instant de le dire le co-pilote sur le si\u00e8ge du passager. Elle adore le t\u00e9l\u00e9travail puisqu\u2019elle peut venir nous porter son toutou en tout temps. Elle aime rester debout \u00e0 c\u00f4t\u00e9 de son plat et attendre de Pierre sa petite surprise (morceau de pain, fromage). Ses yeux sont expressifs et il n\u2019y a pas moyen d\u2019y \u00e9chapper. Lors de ses premiers cours d\u2019ob\u00e9issance, Lulu avait mis son focus sur un petit teckel. Avec beaucoup de pratique, elle est devenue la barbet \u00ab hot \u00bb du cours d\u2019ob\u00e9issance.<\/p>\n<p><\/p>\n<p>La routine de l\u2019ob\u00e9issance n\u2019est possiblement pas pour Lulu. Elle est sportive et curieuse. En ce sens, elle pr\u00e9f\u00e8re de loin le rallye avec les diff\u00e9rentes activit\u00e9s \u00e0 accomplir. C\u2019est d\u2019ailleurs dans cette discipline que nous aimerions la pr\u00e9senter lorsque sa p\u00e9riode adolescente sera termin\u00e9e.<\/p>\n<p><\/p>\n<p>Lulu est une v\u00e9ritable athl\u00e8te. Elle adore nous accompagner lors de nos sorties de jogging ou lors de randonn\u00e9es en for\u00eat. De plus, c\u2019est une excellente rapporteuse. Son \u00e9nergie fait en sorte qu\u2019elle peut rapporter sans se lasser. Luna a une vision positive de la vie. C\u2019est un r\u00e9el plaisir de vivre avec elle.<\/p>\n<p><\/p>\n<p>(Pierre et Line, copropri\u00e9taire de Luna)<\/p>\n<p>Luna avait commenc\u00e9 tr\u00e8s jeune sa carri\u00e8re de comp\u00e9tition. Elle a, entre autre obtenu le meilleur chiot du groupe mani\u00e9e par notre fille Clara. Au total elle a pu inscrire 8 points vers l\u2019obtention de son championnat avant que la crise du Covid force l\u2019annulation des shows de 2020. Elle a particip\u00e9 \u00e0 une seule comp\u00e9tition de conformation en 2021, ce f\u00fbt suffisant pour termin\u00e9 son titre de champion. \u00a0Derni\u00e8rement elle aura surtout travaill\u00e9 en ob\u00e9issance et en rallye avec sa d\u00e9vou\u00e9e propri\u00e9taire Line. Elle a obtenu son titre de rallye novice l&#8217;an pass\u00e9. Lulu nous a donn\u00e9 une port\u00e9e de sept magnifiques barbichons. L&#8217;une de ces femelle <strong><a href=\"https:\/\/barbetspatronum.ca\/index.php\/moxie\/\">Moxie<\/a><\/strong>, devrait un jour \u00eatre appel\u00e9e \u00e0 tenir un r\u00f4le au sein de l&#8217;\u00e9levage. Bien que sa carri\u00e8re de conformation et son r\u00f4le de maman soient termin\u00e9, elle sera assur\u00e9ment une belle ambassadrice de notre \u00e9levage pour les ann\u00e9es \u00e0 venir.<\/p>\n<p><\/p>\t\t\t\t\t\t\t\t<\/div>\n\t\t\t\t<\/div>\n\t\t\t\t\t<\/div>\n\t\t<\/div>\n\t\t\t\t\t<\/div>\n\t\t<\/section>\n\t\t\t\t<section class=\"elementor-section elementor-top-section elementor-element elementor-element-9265402 elementor-section-boxed elementor-section-height-default elementor-section-height-default\" data-id=\"9265402\" data-element_type=\"section\" data-e-type=\"section\">\n\t\t\t\t\t\t<div class=\"elementor-container elementor-column-gap-default\">\n\t\t\t\t\t<div class=\"elementor-column elementor-col-100 elementor-top-column elementor-element elementor-element-eff5887\" data-id=\"eff5887\" data-element_type=\"column\" data-e-type=\"column\">\n\t\t\t<div class=\"elementor-widget-wrap elementor-element-populated\">\n\t\t\t\t\t\t<div class=\"elementor-element elementor-element-0c02adf elementor-skin-carousel elementor-arrows-yes elementor-pagination-type-bullets elementor-pagination-position-outside elementor-widget elementor-widget-media-carousel\" data-id=\"0c02adf\" data-element_type=\"widget\" data-e-type=\"widget\" data-settings=\"{&quot;skin&quot;:&quot;carousel&quot;,&quot;effect&quot;:&quot;slide&quot;,&quot;show_arrows&quot;:&quot;yes&quot;,&quot;pagination&quot;:&quot;bullets&quot;,&quot;speed&quot;:500,&quot;autoplay&quot;:&quot;yes&quot;,&quot;autoplay_speed&quot;:5000,&quot;loop&quot;:&quot;yes&quot;,&quot;pause_on_hover&quot;:&quot;yes&quot;,&quot;pause_on_interaction&quot;:&quot;yes&quot;,&quot;space_between&quot;:{&quot;unit&quot;:&quot;px&quot;,&quot;size&quot;:10,&quot;sizes&quot;:[]},&quot;space_between_tablet&quot;:{&quot;unit&quot;:&quot;px&quot;,&quot;size&quot;:10,&quot;sizes&quot;:[]},&quot;space_between_mobile&quot;:{&quot;unit&quot;:&quot;px&quot;,&quot;size&quot;:10,&quot;sizes&quot;:[]}}\" data-widget_type=\"media-carousel.default\">\n\t\t\t\t<div class=\"elementor-widget-container\">\n\t\t\t\t\t\t\t<div class=\"elementor-swiper\">\n\t\t\t<div class=\"elementor-main-swiper swiper-container\">\n\t\t\t\t<div class=\"swiper-wrapper\">\n\t\t\t\t\t\t\t\t\t\t\t<div class=\"swiper-slide\">\n\t\t\t\t\t\t\t\t\t<div class=\"elementor-carousel-image\" style=\"background-image: url(https:\/\/barbetspatronum.ca\/wp-content\/uploads\/2023\/01\/luna-bow.jpg)\">\n\n\t\t\t\n\t\t\t\t\t<\/div>\n\t\t\t\t\t\t\t\t<\/div>\n\t\t\t\t\t\t\t\t\t\t\t<div class=\"swiper-slide\">\n\t\t\t\t\t\t\t\t\t<div class=\"elementor-carousel-image\" style=\"background-image: url(https:\/\/barbetspatronum.ca\/wp-content\/uploads\/2022\/07\/24B4A95F-610E-49CA-B800-D34FD2A7D07B-scaled.jpeg)\">\n\n\t\t\t\n\t\t\t\t\t<\/div>\n\t\t\t\t\t\t\t\t<\/div>\n\t\t\t\t\t\t\t\t\t\t\t<div class=\"swiper-slide\">\n\t\t\t\t\t\t\t\t\t<div class=\"elementor-carousel-image\" style=\"background-image: url(https:\/\/barbetspatronum.ca\/wp-content\/uploads\/2021\/01\/IMG_0257.jpg)\">\n\n\t\t\t\n\t\t\t\t\t<\/div>\n\t\t\t\t\t\t\t\t<\/div>\n\t\t\t\t\t\t\t\t\t\t\t<div class=\"swiper-slide\">\n\t\t\t\t\t\t\t\t\t<div class=\"elementor-carousel-image\" style=\"background-image: url(https:\/\/barbetspatronum.ca\/wp-content\/uploads\/2021\/01\/Clara-Luna-bpg-scaled.jpg)\">\n\n\t\t\t\n\t\t\t\t\t<\/div>\n\t\t\t\t\t\t\t\t<\/div>\n\t\t\t\t\t\t\t\t\t\t\t<div class=\"swiper-slide\">\n\t\t\t\t\t\t\t\t\t<div class=\"elementor-carousel-image\" style=\"background-image: url(https:\/\/barbetspatronum.ca\/wp-content\/uploads\/2021\/01\/IMG_0253.jpg)\">\n\n\t\t\t\n\t\t\t\t\t<\/div>\n\t\t\t\t\t\t\t\t<\/div>\n\t\t\t\t\t\t\t\t\t\t\t<div class=\"swiper-slide\">\n\t\t\t\t\t\t\t\t\t<div class=\"elementor-carousel-image\" style=\"background-image: url(https:\/\/barbetspatronum.ca\/wp-content\/uploads\/2022\/02\/DSC_3297-scaled-e1644001218452.jpeg)\">\n\n\t\t\t\n\t\t\t\t\t<\/div>\n\t\t\t\t\t\t\t\t<\/div>\n\t\t\t\t\t\t\t\t\t\t\t<div class=\"swiper-slide\">\n\t\t\t\t\t\t\t\t\t<div class=\"elementor-carousel-image\" style=\"background-image: url(https:\/\/barbetspatronum.ca\/wp-content\/uploads\/2021\/01\/IMG_0255.jpg)\">\n\n\t\t\t\n\t\t\t\t\t<\/div>\n\t\t\t\t\t\t\t\t<\/div>\n\t\t\t\t\t\t\t\t\t\t\t<div class=\"swiper-slide\">\n\t\t\t\t\t\t\t\t\t<div class=\"elementor-carousel-image\" style=\"background-image: url(https:\/\/barbetspatronum.ca\/wp-content\/uploads\/2021\/01\/Lulu-et-Loulou-rotated.jpg)\">\n\n\t\t\t\n\t\t\t\t\t<\/div>\n\t\t\t\t\t\t\t\t<\/div>\n\t\t\t\t\t\t\t\t\t\t\t<div class=\"swiper-slide\">\n\t\t\t\t\t\t\t\t\t<div class=\"elementor-carousel-image\" style=\"background-image: url(https:\/\/barbetspatronum.ca\/wp-content\/uploads\/2021\/01\/Luna-bpg-scaled.jpg)\">\n\n\t\t\t\n\t\t\t\t\t<\/div>\n\t\t\t\t\t\t\t\t<\/div>\n\t\t\t\t\t\t\t\t\t<\/div>\n\t\t\t\t\t\t\t\t\t\t\t\t\t\t\t<div class=\"swiper-pagination\"><\/div>\n\t\t\t\t\t\t\t\t\t\t\t\t\t\t\t\t<div class=\"elementor-swiper-button elementor-swiper-button-prev\">\n\t\t\t\t\t\t\t<i aria-hidden=\"true\" class=\"eicon-chevron-left\"><\/i>\t\t\t\t\t\t\t<span class=\"elementor-screen-only\">Pr\u00e9c\u00e9dent<\/span>\n\t\t\t\t\t\t<\/div>\n\t\t\t\t\t\t<div class=\"elementor-swiper-button elementor-swiper-button-next\">\n\t\t\t\t\t\t\t<i aria-hidden=\"true\" class=\"eicon-chevron-right\"><\/i>\t\t\t\t\t\t\t<span class=\"elementor-screen-only\">Suivant<\/span>\n\t\t\t\t\t\t<\/div>\n\t\t\t\t\t\t\t\t\t\t\t\t<\/div>\n\t\t<\/div>\n\t\t\t\t\t\t<\/div>\n\t\t\t\t<\/div>\n\t\t\t\t\t<\/div>\n\t\t<\/div>\n\t\t\t\t\t<\/div>\n\t\t<\/section>\n\t\t\t\t<\/div>\n\t\t","protected":false},"excerpt":{"rendered":"<p>Luna N\u00e9e le 31 janvier 2019 (Ch Patronum Alohomora Bella Luna) Luna est unique, une Barbette d\u2019exception. Une barbette que nous pouvons rencontrer une seule fois dans la vie! Depuis le premier jour de son arriv\u00e9e au printemps 2019, elle ne cesse de nous charmer. Nous croyons qu\u2019elle a h\u00e9rit\u00e9 de la bonne nature de &hellip;<\/p>\n<p class=\"read-more\"> <a class=\"\" href=\"https:\/\/barbetspatronum.ca\/index.php\/nos-chiens\/luna\/\"> <span class=\"screen-reader-text\">Luna<\/span> Lire la suite \u00bb<\/a><\/p>\n","protected":false},"author":2,"featured_media":26615,"parent":25290,"menu_order":0,"comment_status":"closed","ping_status":"closed","template":"","meta":{"site-sidebar-layout":"default","site-content-layout":"default","ast-global-header-display":"","ast-main-header-display":"","ast-hfb-above-header-display":"","ast-hfb-below-header-display":"","ast-hfb-mobile-header-display":"","site-post-title":"","ast-breadcrumbs-content":"","ast-featured-img":"","footer-sml-layout":"","theme-transparent-header-meta":"default","adv-header-id-meta":"","stick-header-meta":"","header-above-stick-meta":"","header-main-stick-meta":"","header-below-stick-meta":"","footnotes":""},"class_list":["post-26037","page","type-page","status-publish","has-post-thumbnail","hentry"],"_links":{"self":[{"href":"https:\/\/barbetspatronum.ca\/index.php\/wp-json\/wp\/v2\/pages\/26037","targetHints":{"allow":["GET"]}}],"collection":[{"href":"https:\/\/barbetspatronum.ca\/index.php\/wp-json\/wp\/v2\/pages"}],"about":[{"href":"https:\/\/barbetspatronum.ca\/index.php\/wp-json\/wp\/v2\/types\/page"}],"author":[{"embeddable":true,"href":"https:\/\/barbetspatronum.ca\/index.php\/wp-json\/wp\/v2\/users\/2"}],"replies":[{"embeddable":true,"href":"https:\/\/barbetspatronum.ca\/index.php\/wp-json\/wp\/v2\/comments?post=26037"}],"version-history":[{"count":45,"href":"https:\/\/barbetspatronum.ca\/index.php\/wp-json\/wp\/v2\/pages\/26037\/revisions"}],"predecessor-version":[{"id":27416,"href":"https:\/\/barbetspatronum.ca\/index.php\/wp-json\/wp\/v2\/pages\/26037\/revisions\/27416"}],"up":[{"embeddable":true,"href":"https:\/\/barbetspatronum.ca\/index.php\/wp-json\/wp\/v2\/pages\/25290"}],"wp:featuredmedia":[{"embeddable":true,"href":"https:\/\/barbetspatronum.ca\/index.php\/wp-json\/wp\/v2\/media\/26615"}],"wp:attachment":[{"href":"https:\/\/barbetspatronum.ca\/index.php\/wp-json\/wp\/v2\/media?parent=26037"}],"curies":[{"name":"wp","href":"https:\/\/api.w.org\/{rel}","templated":true}]}}